{"id":8,"date":"2021-01-28T21:41:47","date_gmt":"2021-01-28T20:41:47","guid":{"rendered":"https:\/\/glaenzer-communications.de\/?page_id=8"},"modified":"2023-02-02T14:40:40","modified_gmt":"2023-02-02T13:40:40","slug":"impressum","status":"publish","type":"page","link":"https:\/\/glaenzer-communications.de\/en\/impressum\/","title":{"rendered":"Imprint"},"content":{"rendered":"<div data-elementor-type=\"wp-page\" data-elementor-id=\"8\" class=\"elementor elementor-8\" data-elementor-post-type=\"page\">\n\t\t\t\t\t\t<section class=\"elementor-section elementor-top-section elementor-element elementor-element-3c6d628d elementor-section-boxed elementor-section-height-default elementor-section-height-default\" data-id=\"3c6d628d\" data-element_type=\"section\" data-e-type=\"section\">\n\t\t\t\t\t\t<div class=\"elementor-container elementor-column-gap-default\">\n\t\t\t\t\t<div class=\"elementor-column elementor-col-100 elementor-top-column elementor-element elementor-element-1b244b43\" data-id=\"1b244b43\" data-element_type=\"column\" data-e-type=\"column\">\n\t\t\t<div class=\"elementor-widget-wrap elementor-element-populated\">\n\t\t\t\t\t\t<div class=\"elementor-element elementor-element-278e9260 elementor-widget elementor-widget-text-editor\" data-id=\"278e9260\" data-element_type=\"widget\" data-e-type=\"widget\" data-widget_type=\"text-editor.default\">\n\t\t\t\t<div class=\"elementor-widget-container\">\n\t\t\t\t\t\t\t\t\t<h2>Imprint<\/h2><p>Glaenzer Communications GmbH<\/p><p class=\"switch_output einzelunternehmen gbr ek\">General Manager: Ralf P. Gl\u00e4nzer<\/p><p>Decksteiner-Stra\u00dfe 44<br \/>50935 K\u00f6ln-Lindenthal<\/p><p>Phone: +49 (0) 221\/950 19 99 7<br \/>E-Mail: ralf.glaenzer@glaenzer-communications.de<\/p><p>Amtsgericht K\u00f6ln, HRB 104012<\/p><p>Umsatzsteuer-Identifikationsnummer gema\u0308\u00df \u00a7 27 a Umsatzsteuergesetz: DE341212060<\/p><p><a href=\"https:\/\/www.ratgeberrecht.eu\/leistungen\/muster-impressum-generator.html\" target=\"_blank\" rel=\"noopener\">Impressum-Generator<\/a> der <a href=\"https:\/\/www.ratgeberrecht.eu\/\" target=\"_blank\" rel=\"noopener\">Anwaltskanzlei Wei\u00df &amp; Partner<\/a><\/p>\t\t\t\t\t\t\t\t<\/div>\n\t\t\t\t<\/div>\n\t\t\t\t\t<\/div>\n\t\t<\/div>\n\t\t\t\t\t<\/div>\n\t\t<\/section>\n\t\t\t\t<\/div>","protected":false},"excerpt":{"rendered":"<p>Impressum Glaenzer Communications GmbH Gesch\u00e4ftsf\u00fchrer: Ralf P. Gl\u00e4nzer Decksteiner-Stra\u00dfe 4450935 K\u00f6ln-Lindenthal Telefon: +49 (0) 221\/950 19 99 7E-Mail: ralf.glaenzer@glaenzer-communications.de Amtsgericht K\u00f6ln, HRB 104012 Umsatzsteuer-Identifikationsnummer gema\u0308\u00df \u00a7 27 a Umsatzsteuergesetz: DE341212060 Impressum-Generator der Anwaltskanzlei Wei\u00df &amp; Partner<\/p>","protected":false},"author":4,"featured_media":0,"parent":0,"menu_order":0,"comment_status":"closed","ping_status":"closed","template":"","meta":{"footnotes":""},"class_list":["post-8","page","type-page","status-publish","hentry"],"_links":{"self":[{"href":"https:\/\/glaenzer-communications.de\/en\/wp-json\/wp\/v2\/pages\/8","targetHints":{"allow":["GET"]}}],"collection":[{"href":"https:\/\/glaenzer-communications.de\/en\/wp-json\/wp\/v2\/pages"}],"about":[{"href":"https:\/\/glaenzer-communications.de\/en\/wp-json\/wp\/v2\/types\/page"}],"author":[{"embeddable":true,"href":"https:\/\/glaenzer-communications.de\/en\/wp-json\/wp\/v2\/users\/4"}],"replies":[{"embeddable":true,"href":"https:\/\/glaenzer-communications.de\/en\/wp-json\/wp\/v2\/comments?post=8"}],"version-history":[{"count":0,"href":"https:\/\/glaenzer-communications.de\/en\/wp-json\/wp\/v2\/pages\/8\/revisions"}],"wp:attachment":[{"href":"https:\/\/glaenzer-communications.de\/en\/wp-json\/wp\/v2\/media?parent=8"}],"curies":[{"name":"wp","href":"https:\/\/api.w.org\/{rel}","templated":true}]}}